{"id":498,"date":"2025-07-18T11:57:03","date_gmt":"2025-07-18T11:57:03","guid":{"rendered":"https:\/\/horizonconseil.dkcreatech.com\/?page_id=498"},"modified":"2026-04-28T06:43:35","modified_gmt":"2026-04-28T04:43:35","slug":"contacts","status":"publish","type":"page","link":"https:\/\/horizonconseil.dkcreatech.com\/index.php\/contacts\/","title":{"rendered":"Contacts"},"content":{"rendered":"\t\t<div data-elementor-type=\"wp-page\" data-elementor-id=\"498\" class=\"elementor elementor-498\" data-elementor-post-type=\"page\">\n\t\t\t\t<div class=\"elementor-element elementor-element-659016d e-flex e-con-boxed e-con e-parent\" data-id=\"659016d\" data-element_type=\"container\" data-e-type=\"container\" data-settings=\"{&quot;background_background&quot;:&quot;classic&quot;}\">\n\t\t\t\t\t<div class=\"e-con-inner\">\n\t\t<div class=\"elementor-element elementor-element-4372779 e-con-full e-flex elementor-invisible e-con e-child\" data-id=\"4372779\" data-element_type=\"container\" data-e-type=\"container\" data-settings=\"{&quot;animation&quot;:&quot;fadeInLeft&quot;}\">\n\t\t\t\t<div class=\"elementor-element elementor-element-d2f921e start elementor-widget__width-initial elementor-widget elementor-widget-wdt-heading\" data-id=\"d2f921e\" data-element_type=\"widget\" data-e-type=\"widget\" data-settings=\"{&quot;split_heading&quot;:&quot;false&quot;,&quot;title_vertical_align&quot;:&quot;center&quot;,&quot;subtitle_vertical_align&quot;:&quot;center&quot;,&quot;wdt_animation_effect&quot;:&quot;none&quot;}\" data-widget_type=\"wdt-heading.default\">\n\t\t\t\t<div class=\"elementor-widget-container\">\n\t\t\t\t\t<div class=\"wdt-heading-holder \" id=\"wdt-heading-d2f921e\"><div class=\"wdt-heading-subtitle-wrapper  wdt-heading-align-center  default\"><span class=\"wdt-heading-subtitle\">Contactez Horizon Conseil Groupe<\/span><\/div><h2 class=\"wdt-heading-title-wrapper wdt-heading-align-center wdt-heading-deco-wrapper\"><span class=\"wdt-heading-title\">Parlez-nous de votre projet en Afrique<\/span><\/h2><\/div>\t\t\t\t<\/div>\n\t\t\t\t<\/div>\n\t\t\t\t<div class=\"elementor-element elementor-element-5869719 elementor-widget__width-inherit elementor-widget elementor-widget-shortcode\" data-id=\"5869719\" data-element_type=\"widget\" data-e-type=\"widget\" data-settings=\"{&quot;wdt_animation_effect&quot;:&quot;none&quot;}\" data-widget_type=\"shortcode.default\">\n\t\t\t\t\t\t\t<div class=\"elementor-shortcode\">\n<div class=\"wpcf7 no-js\" id=\"wpcf7-f2835-o1\" lang=\"en-US\" dir=\"ltr\" data-wpcf7-id=\"2835\">\n<div class=\"screen-reader-response\"><p role=\"status\" aria-live=\"polite\" aria-atomic=\"true\"><\/p> <ul><\/ul><\/div>\n<form action=\"\/index.php\/wp-json\/wp\/v2\/pages\/498#wpcf7-f2835-o1\" method=\"post\" class=\"wpcf7-form init\" aria-label=\"Contact form\" novalidate=\"novalidate\" data-status=\"init\">\n<fieldset class=\"hidden-fields-container\"><input type=\"hidden\" name=\"_wpcf7\" value=\"2835\" \/><input type=\"hidden\" name=\"_wpcf7_version\" value=\"6.1.5\" \/><input type=\"hidden\" name=\"_wpcf7_locale\" value=\"en_US\" \/><input type=\"hidden\" name=\"_wpcf7_unit_tag\" value=\"wpcf7-f2835-o1\" \/><input type=\"hidden\" name=\"_wpcf7_container_post\" value=\"0\" \/><input type=\"hidden\" name=\"_wpcf7_posted_data_hash\" value=\"\" \/>\n<\/fieldset>\n<div class=\"hc-form\">\n\t<div class=\"hc-row hc-row--2col\">\n\t\t<div class=\"hc-field\">\n\t\t\t<p><label>Votre pr\u00e9nom *<\/label><br \/>\n<span class=\"wpcf7-form-control-wrap\" data-name=\"prenom\"><input size=\"40\" maxlength=\"400\" class=\"wpcf7-form-control wpcf7-text wpcf7-validates-as-required\" aria-required=\"true\" aria-invalid=\"false\" placeholder=\"Ex. : John\" value=\"\" type=\"text\" name=\"prenom\" \/><\/span>\n\t\t\t<\/p>\n\t\t<\/div>\n\t\t<div class=\"hc-field\">\n\t\t\t<p><label>Votre nom *<\/label><br \/>\n<span class=\"wpcf7-form-control-wrap\" data-name=\"nom\"><input size=\"40\" maxlength=\"400\" class=\"wpcf7-form-control wpcf7-text wpcf7-validates-as-required\" aria-required=\"true\" aria-invalid=\"false\" placeholder=\"Ex. : Doe\" value=\"\" type=\"text\" name=\"nom\" \/><\/span>\n\t\t\t<\/p>\n\t\t<\/div>\n\t<\/div>\n\t<div class=\"hc-row hc-row--2col\">\n\t\t<div class=\"hc-field\">\n\t\t\t<p><label>Adresse email *<\/label><br \/>\n<span class=\"wpcf7-form-control-wrap\" data-name=\"email\"><input size=\"40\" maxlength=\"400\" class=\"wpcf7-form-control wpcf7-email wpcf7-validates-as-required wpcf7-text wpcf7-validates-as-email\" aria-required=\"true\" aria-invalid=\"false\" placeholder=\"Ex. : john.doe@gmail.com\" value=\"\" type=\"email\" name=\"email\" \/><\/span>\n\t\t\t<\/p>\n\t\t<\/div>\n\t\t<div class=\"hc-field\">\n\t\t\t<p><label>T\u00e9l\u00e9phone (avec indicatif) *<\/label><br \/>\n<span class=\"wpcf7-form-control-wrap\" data-name=\"telephone\"><input size=\"40\" maxlength=\"400\" class=\"wpcf7-form-control wpcf7-tel wpcf7-validates-as-required wpcf7-text wpcf7-validates-as-tel\" aria-required=\"true\" aria-invalid=\"false\" placeholder=\"Ex. : +236 70 00 00 00\" value=\"\" type=\"tel\" name=\"telephone\" \/><\/span>\n\t\t\t<\/p>\n\t\t<\/div>\n\t<\/div>\n\t<div class=\"hc-row hc-row--2col\">\n\t\t<div class=\"hc-field\">\n\t\t\t<p><label>Raison sociale \/ Organisation<\/label><br \/>\n<span class=\"wpcf7-form-control-wrap\" data-name=\"organisation\"><input size=\"40\" maxlength=\"400\" class=\"wpcf7-form-control wpcf7-text\" aria-invalid=\"false\" placeholder=\"Facultatif\" value=\"\" type=\"text\" name=\"organisation\" \/><\/span>\n\t\t\t<\/p>\n\t\t<\/div>\n\t\t<div class=\"hc-field\">\n\t\t\t<p><label>Type de demande *<\/label><br \/>\n<span class=\"wpcf7-form-control-wrap\" data-name=\"type_demande\"><select class=\"wpcf7-form-control wpcf7-select wpcf7-validates-as-required\" aria-required=\"true\" aria-invalid=\"false\" name=\"type_demande\"><option value=\"Investissement\">Investissement<\/option><option value=\"Service entreprise\">Service entreprise<\/option><option value=\"Partenariat\">Partenariat<\/option><option value=\"Information g\u00e9n\u00e9rale\">Information g\u00e9n\u00e9rale<\/option><option value=\"Autre\">Autre<\/option><\/select><\/span>\n\t\t\t<\/p>\n\t\t<\/div>\n\t<\/div>\n\t<div class=\"hc-row\">\n\t\t<div class=\"hc-field\">\n\t\t\t<p><label>D\u00e9crivez votre projet *<\/label><br \/>\n<span class=\"wpcf7-form-control-wrap\" data-name=\"message\"><textarea cols=\"40\" rows=\"10\" maxlength=\"2000\" class=\"wpcf7-form-control wpcf7-textarea wpcf7-validates-as-required\" aria-required=\"true\" aria-invalid=\"false\" placeholder=\"Plus vous nous en dites, mieux on peut vous aider\" name=\"message\"><\/textarea><\/span>\n\t\t\t<\/p>\n\t\t<\/div>\n\t<\/div>\n\t<div class=\"hc-row hc-field--rgpd\">\n\t\t<p><span class=\"wpcf7-form-control-wrap\" data-name=\"rgpd\"><span class=\"wpcf7-form-control wpcf7-acceptance\"><span class=\"wpcf7-list-item\"><input type=\"checkbox\" name=\"rgpd\" value=\"1\" aria-invalid=\"false\" \/><\/span><\/span><\/span> J'accepte la <a href=\"\/politique-de-confidentialite\">politique de confidentialit\u00e9<\/a> et le traitement de mes donn\u00e9es personnelles. *\n\t\t<\/p>\n\t<\/div>\n\t<div class=\"hc-row hc-submit\">\n\t\t<p><input class=\"wpcf7-form-control wpcf7-submit has-spinner\" type=\"submit\" value=\"Envoyer ma demande \u2192\" \/>\n\t\t<\/p>\n\t<\/div>\n<\/div><p class=\"finkash-contact-check\" aria-hidden=\"true\" style=\"position:absolute;left:-9999px;top:auto;width:1px;height:1px;overflow:hidden;\"><label>Laisser ce champ vide<input type=\"text\" name=\"finkash_company_website\" value=\"\" tabindex=\"-1\" autocomplete=\"off\" \/><\/label><\/p><div class=\"wpcf7-response-output\" aria-hidden=\"true\"><\/div>\n<\/form>\n<\/div>\n<\/div>\n\t\t\t\t\t\t<\/div>\n\t\t\t\t<\/div>\n\t\t<div class=\"elementor-element elementor-element-d47aceb e-con-full elementor-hidden-tablet elementor-hidden-mobile_extra elementor-hidden-mobile e-flex elementor-invisible e-con e-child\" data-id=\"d47aceb\" data-element_type=\"container\" data-e-type=\"container\" data-settings=\"{&quot;animation&quot;:&quot;fadeInRight&quot;}\">\n\t\t\t\t<div class=\"elementor-element elementor-element-2c113ac start elementor-invisible elementor-widget elementor-widget-wdt-image-box\" data-id=\"2c113ac\" data-element_type=\"widget\" data-e-type=\"widget\" data-settings=\"{&quot;effect&quot;:&quot;fade&quot;,&quot;slides_to_show_opts&quot;:&quot;1&quot;,&quot;slides_to_show_opts_laptop&quot;:&quot;1&quot;,&quot;slides_to_show_opts_tablet_extra&quot;:&quot;1&quot;,&quot;slides_to_show_opts_tablet&quot;:&quot;1&quot;,&quot;wdt_dark_mode&quot;:&quot;true&quot;,&quot;_animation&quot;:&quot;fadeInRight&quot;,&quot;direction&quot;:&quot;horizontal&quot;,&quot;slides_to_show_opts_mobile_extra&quot;:1,&quot;slides_to_show_opts_mobile&quot;:1,&quot;mouse_wheel_scroll&quot;:&quot;false&quot;,&quot;pagination&quot;:&quot;bullets&quot;,&quot;speed&quot;:300,&quot;gap&quot;:{&quot;unit&quot;:&quot;dpt&quot;,&quot;size&quot;:20,&quot;sizes&quot;:[]},&quot;gap_laptop&quot;:{&quot;unit&quot;:&quot;px&quot;,&quot;size&quot;:&quot;&quot;,&quot;sizes&quot;:[]},&quot;gap_tablet_extra&quot;:{&quot;unit&quot;:&quot;px&quot;,&quot;size&quot;:&quot;&quot;,&quot;sizes&quot;:[]},&quot;gap_tablet&quot;:{&quot;unit&quot;:&quot;px&quot;,&quot;size&quot;:&quot;&quot;,&quot;sizes&quot;:[]},&quot;gap_mobile_extra&quot;:{&quot;unit&quot;:&quot;px&quot;,&quot;size&quot;:&quot;&quot;,&quot;sizes&quot;:[]},&quot;gap_mobile&quot;:{&quot;unit&quot;:&quot;px&quot;,&quot;size&quot;:&quot;&quot;,&quot;sizes&quot;:[]},&quot;loop&quot;:&quot;yes&quot;,&quot;centered_slides&quot;:&quot;no&quot;,&quot;overflow_opacity&quot;:&quot;yes&quot;,&quot;carousel_arrows_prev_arrow_vertical_align&quot;:&quot;flex-start&quot;,&quot;carousel_arrows_prev_arrow_vertical_top_indent&quot;:{&quot;unit&quot;:&quot;%&quot;,&quot;size&quot;:&quot;&quot;,&quot;sizes&quot;:[]},&quot;carousel_arrows_prev_arrow_vertical_top_indent_laptop&quot;:{&quot;unit&quot;:&quot;px&quot;,&quot;size&quot;:&quot;&quot;,&quot;sizes&quot;:[]},&quot;carousel_arrows_prev_arrow_vertical_top_indent_tablet_extra&quot;:{&quot;unit&quot;:&quot;px&quot;,&quot;size&quot;:&quot;&quot;,&quot;sizes&quot;:[]},&quot;carousel_arrows_prev_arrow_vertical_top_indent_tablet&quot;:{&quot;unit&quot;:&quot;%&quot;,&quot;size&quot;:&quot;&quot;,&quot;sizes&quot;:[]},&quot;carousel_arrows_prev_arrow_vertical_top_indent_mobile_extra&quot;:{&quot;unit&quot;:&quot;px&quot;,&quot;size&quot;:&quot;&quot;,&quot;sizes&quot;:[]},&quot;carousel_arrows_prev_arrow_vertical_top_indent_mobile&quot;:{&quot;unit&quot;:&quot;%&quot;,&quot;size&quot;:&quot;&quot;,&quot;sizes&quot;:[]},&quot;carousel_arrows_prev_arrow_horizontal_left_indent&quot;:{&quot;unit&quot;:&quot;%&quot;,&quot;size&quot;:&quot;&quot;,&quot;sizes&quot;:[]},&quot;carousel_arrows_prev_arrow_horizontal_left_indent_laptop&quot;:{&quot;unit&quot;:&quot;px&quot;,&quot;size&quot;:&quot;&quot;,&quot;sizes&quot;:[]},&quot;carousel_arrows_prev_arrow_horizontal_left_indent_tablet_extra&quot;:{&quot;unit&quot;:&quot;px&quot;,&quot;size&quot;:&quot;&quot;,&quot;sizes&quot;:[]},&quot;carousel_arrows_prev_arrow_horizontal_left_indent_tablet&quot;:{&quot;unit&quot;:&quot;%&quot;,&quot;size&quot;:&quot;&quot;,&quot;sizes&quot;:[]},&quot;carousel_arrows_prev_arrow_horizontal_left_indent_mobile_extra&quot;:{&quot;unit&quot;:&quot;px&quot;,&quot;size&quot;:&quot;&quot;,&quot;sizes&quot;:[]},&quot;carousel_arrows_prev_arrow_horizontal_left_indent_mobile&quot;:{&quot;unit&quot;:&quot;%&quot;,&quot;size&quot;:&quot;&quot;,&quot;sizes&quot;:[]},&quot;carousel_arrows_next_arrow_vertical_align&quot;:&quot;flex-start&quot;,&quot;carousel_arrows_next_arrow_vertical_top_indent&quot;:{&quot;unit&quot;:&quot;%&quot;,&quot;size&quot;:&quot;&quot;,&quot;sizes&quot;:[]},&quot;carousel_arrows_next_arrow_vertical_top_indent_laptop&quot;:{&quot;unit&quot;:&quot;px&quot;,&quot;size&quot;:&quot;&quot;,&quot;sizes&quot;:[]},&quot;carousel_arrows_next_arrow_vertical_top_indent_tablet_extra&quot;:{&quot;unit&quot;:&quot;px&quot;,&quot;size&quot;:&quot;&quot;,&quot;sizes&quot;:[]},&quot;carousel_arrows_next_arrow_vertical_top_indent_tablet&quot;:{&quot;unit&quot;:&quot;%&quot;,&quot;size&quot;:&quot;&quot;,&quot;sizes&quot;:[]},&quot;carousel_arrows_next_arrow_vertical_top_indent_mobile_extra&quot;:{&quot;unit&quot;:&quot;px&quot;,&quot;size&quot;:&quot;&quot;,&quot;sizes&quot;:[]},&quot;carousel_arrows_next_arrow_vertical_top_indent_mobile&quot;:{&quot;unit&quot;:&quot;%&quot;,&quot;size&quot;:&quot;&quot;,&quot;sizes&quot;:[]},&quot;carousel_arrows_next_arrow_horizontal_left_indent&quot;:{&quot;unit&quot;:&quot;%&quot;,&quot;size&quot;:&quot;&quot;,&quot;sizes&quot;:[]},&quot;carousel_arrows_next_arrow_horizontal_left_indent_laptop&quot;:{&quot;unit&quot;:&quot;px&quot;,&quot;size&quot;:&quot;&quot;,&quot;sizes&quot;:[]},&quot;carousel_arrows_next_arrow_horizontal_left_indent_tablet_extra&quot;:{&quot;unit&quot;:&quot;px&quot;,&quot;size&quot;:&quot;&quot;,&quot;sizes&quot;:[]},&quot;carousel_arrows_next_arrow_horizontal_left_indent_tablet&quot;:{&quot;unit&quot;:&quot;%&quot;,&quot;size&quot;:&quot;&quot;,&quot;sizes&quot;:[]},&quot;carousel_arrows_next_arrow_horizontal_left_indent_mobile_extra&quot;:{&quot;unit&quot;:&quot;px&quot;,&quot;size&quot;:&quot;&quot;,&quot;sizes&quot;:[]},&quot;carousel_arrows_next_arrow_horizontal_left_indent_mobile&quot;:{&quot;unit&quot;:&quot;%&quot;,&quot;size&quot;:&quot;&quot;,&quot;sizes&quot;:[]},&quot;wdt_animation_effect&quot;:&quot;none&quot;}\" data-widget_type=\"wdt-image-box.default\">\n\t\t\t\t<div class=\"elementor-widget-container\">\n\t\t\t\t\t<div class=\"wdt-image-box-holder wdt-content-item-holder wdt-carousel-holder wdt-rc-template-image-with-description\" id=\"wdt-image-box-2c113ac\" data-id=\"2c113ac\" data-settings=\"{&quot;enable_popup&quot;:&quot;&quot;,&quot;enable_hover_class&quot;:&quot;&quot;}\"><div class=\"wdt-image-box-container swiper\" data-settings=\"{&quot;direction&quot;:&quot;horizontal&quot;,&quot;effect&quot;:&quot;fade&quot;,&quot;slides_to_show&quot;:&quot;1&quot;,&quot;arrows&quot;:&quot;&quot;,&quot;pagination&quot;:&quot;bullets&quot;,&quot;mouse_wheel_scroll&quot;:&quot;false&quot;,&quot;speed&quot;:300,&quot;autoplay&quot;:&quot;&quot;,&quot;autoplay_speed&quot;:null,&quot;loop&quot;:&quot;yes&quot;,&quot;centered_slides&quot;:&quot;no&quot;,&quot;pause_on_interaction&quot;:null,&quot;overflow_opacity&quot;:&quot;yes&quot;,&quot;unequal_height_compatability&quot;:null,&quot;gap&quot;:20,&quot;responsive&quot;:[{&quot;breakpoint&quot;:319,&quot;toshow&quot;:1},{&quot;breakpoint&quot;:480,&quot;toshow&quot;:1},{&quot;breakpoint&quot;:768,&quot;toshow&quot;:1},{&quot;breakpoint&quot;:1025,&quot;toshow&quot;:1},{&quot;breakpoint&quot;:1281,&quot;toshow&quot;:1},{&quot;breakpoint&quot;:1541,&quot;toshow&quot;:1}],&quot;space_between_gaps&quot;:{&quot;desktop&quot;:20,&quot;mobile&quot;:20,&quot;mobile_extra&quot;:20,&quot;tablet&quot;:20,&quot;tablet_extra&quot;:20,&quot;laptop&quot;:20}}\" id=\"wdt-image-box-swiper-2c113ac\"><div class=\"wdt-image-box-wrapper swiper-wrapper\"><div class=\"swiper-slide\"><div class=\"wdt-content-item\"><div class=\"wdt-content-media-group\"><div class=\"wdt-content-image-wrapper \"><div class=\"wdt-content-image\"><span><img alt=\"\" fetchpriority=\"high\" decoding=\"async\" width=\"1080\" height=\"1080\" src=\"https:\/\/horizonconseil.dkcreatech.com\/wp-content\/uploads\/2026\/04\/horizon-conseil-image-equipe-2.webp\" class=\"attachment-full size-full wp-image-3944\" alt=\"\" srcset=\"https:\/\/horizonconseil.dkcreatech.com\/wp-content\/uploads\/2026\/04\/horizon-conseil-image-equipe-2.webp 1080w, https:\/\/horizonconseil.dkcreatech.com\/wp-content\/uploads\/2026\/04\/horizon-conseil-image-equipe-2-300x300.webp 300w, https:\/\/horizonconseil.dkcreatech.com\/wp-content\/uploads\/2026\/04\/horizon-conseil-image-equipe-2-1024x1024.webp 1024w, https:\/\/horizonconseil.dkcreatech.com\/wp-content\/uploads\/2026\/04\/horizon-conseil-image-equipe-2-150x150.webp 150w, https:\/\/horizonconseil.dkcreatech.com\/wp-content\/uploads\/2026\/04\/horizon-conseil-image-equipe-2-768x768.webp 768w\" sizes=\"(max-width: 1080px) 100vw, 1080px\" \/><\/span><\/div><\/div><\/div><div class=\"wdt-content-detail-group\"><div class=\"wdt-content-title\"><h5>Un projet en Afrique ? On vous r\u00e9pond en 48 h !<\/h5><\/div><div class=\"wdt-content-description\"><p data-start=\"975\" data-end=\"1141\">Centrafrique \u00b7 Togo \u00b7 B\u00e9nin<\/p><p data-start=\"975\" data-end=\"1141\">Premier \u00e9change gratuit, sans engagement.<\/p><\/div><\/div><\/div><\/div><\/div><\/div><div class=\"wdt-carousel-pagination-wrapper\"><div class=\"wdt-swiper-pagination wdt-swiper-pagination-2c113ac\"><\/div><\/div><\/div>\t\t\t\t<\/div>\n\t\t\t\t<\/div>\n\t\t\t\t<\/div>\n\t\t\t\t\t<\/div>\n\t\t\t\t<\/div>\n\t\t\t\t<\/div>\n\t\t","protected":false},"excerpt":{"rendered":"<p>Contactez Horizon Conseil Groupe Parlez-nous de votre projet en Afrique Un projet en Afrique ? On vous r\u00e9pond en 48 h ! Centrafrique \u00b7 Togo \u00b7 B\u00e9nin Premier \u00e9change gratuit, sans engagement.<\/p>\n","protected":false},"author":1,"featured_media":0,"parent":0,"menu_order":0,"comment_status":"closed","ping_status":"closed","template":"elementor_header_footer","meta":{"_seopress_robots_primary_cat":"","_seopress_titles_title":"Contactez Horizon Conseil | Investir en Afrique","_seopress_titles_desc":"Un projet en Centrafrique, au Togo ou au B\u00e9nin ? Contactez Horizon Conseil Groupe. R\u00e9ponse en 48 h. Premier \u00e9change gratuit, sans engagement. \u00c9quipes locales disponibles.","_seopress_robots_index":"","footnotes":""},"class_list":["post-498","page","type-page","status-publish","hentry"],"_links":{"self":[{"href":"https:\/\/horizonconseil.dkcreatech.com\/index.php\/wp-json\/wp\/v2\/pages\/498","targetHints":{"allow":["GET"]}}],"collection":[{"href":"https:\/\/horizonconseil.dkcreatech.com\/index.php\/wp-json\/wp\/v2\/pages"}],"about":[{"href":"https:\/\/horizonconseil.dkcreatech.com\/index.php\/wp-json\/wp\/v2\/types\/page"}],"author":[{"embeddable":true,"href":"https:\/\/horizonconseil.dkcreatech.com\/index.php\/wp-json\/wp\/v2\/users\/1"}],"replies":[{"embeddable":true,"href":"https:\/\/horizonconseil.dkcreatech.com\/index.php\/wp-json\/wp\/v2\/comments?post=498"}],"version-history":[{"count":32,"href":"https:\/\/horizonconseil.dkcreatech.com\/index.php\/wp-json\/wp\/v2\/pages\/498\/revisions"}],"predecessor-version":[{"id":4018,"href":"https:\/\/horizonconseil.dkcreatech.com\/index.php\/wp-json\/wp\/v2\/pages\/498\/revisions\/4018"}],"wp:attachment":[{"href":"https:\/\/horizonconseil.dkcreatech.com\/index.php\/wp-json\/wp\/v2\/media?parent=498"}],"curies":[{"name":"wp","href":"https:\/\/api.w.org\/{rel}","templated":true}]}}