{"id":3827,"date":"2026-04-28T01:21:33","date_gmt":"2026-04-27T23:21:33","guid":{"rendered":"https:\/\/horizonconseil.dkcreatech.com\/?page_id=3827"},"modified":"2026-04-28T01:37:04","modified_gmt":"2026-04-27T23:37:04","slug":"mentions-legales","status":"publish","type":"page","link":"https:\/\/horizonconseil.dkcreatech.com\/index.php\/mentions-legales\/","title":{"rendered":"Mentions l\u00e9gales"},"content":{"rendered":"\t\t<div data-elementor-type=\"wp-page\" data-elementor-id=\"3827\" class=\"elementor elementor-3827\" data-elementor-post-type=\"page\">\n\t\t\t\t<div class=\"elementor-element elementor-element-59f616d e-flex e-con-boxed e-con e-parent\" data-id=\"59f616d\" data-element_type=\"container\" data-e-type=\"container\">\n\t\t\t\t\t<div class=\"e-con-inner\">\n\t\t\t\t<div class=\"elementor-element elementor-element-85ce169 elementor-widget elementor-widget-text-editor\" data-id=\"85ce169\" data-element_type=\"widget\" data-e-type=\"widget\" data-settings=\"{&quot;wdt_animation_effect&quot;:&quot;none&quot;}\" data-widget_type=\"text-editor.default\">\n\t\t\t\t\t\t\t\t\t<p><span style=\"font-weight: 400;\">Conform\u00e9ment aux dispositions l\u00e9gales en vigueur, voici les informations l\u00e9gales relatives au site web horizonconseilgroupe.com.<\/span><\/p><h3><b>1. \u00c9diteur du site<\/b><\/h3><table><tbody><tr><td><p><b>Raison sociale<\/b><\/p><\/td><td><p><span style=\"font-weight: 400;\">Horizon Conseil Groupe \u2014 SAU<\/span><\/p><\/td><\/tr><tr><td><p><b>Forme juridique<\/b><\/p><\/td><td><p><span style=\"font-weight: 400;\">Soci\u00e9t\u00e9 \u00e0 Associ\u00e9 Unique (SAU)<\/span><\/p><\/td><\/tr><tr><td><p><b>Si\u00e8ge social<\/b><\/p><\/td><td><p><span style=\"font-weight: 400;\">Centre administratif, Bangui \u2014 R\u00e9publique Centrafricaine<\/span><\/p><\/td><\/tr><tr><td><p><b>Directrice de la publication<\/b><\/p><\/td><td><p><span style=\"font-weight: 400;\">Noutene Dogo-Nendje, Fondatrice &amp; Directrice G\u00e9n\u00e9rale<\/span><\/p><\/td><\/tr><tr><td><p><b>Email<\/b><\/p><\/td><td><p><span style=\"font-weight: 400;\">contact@horizonconseilcf.com<\/span><\/p><\/td><\/tr><tr><td><p><b>T\u00e9l\u00e9phone<\/b><\/p><\/td><td><p><span style=\"font-weight: 400;\">+ 236 75 47 49 11<\/span><\/p><\/td><\/tr><tr><td><p><b>WhatsApp<\/b><\/p><\/td><td><p><span style=\"font-weight: 400;\">+ 236 72 17 17 12<\/span><\/p><\/td><\/tr><\/tbody><\/table><p>\u00a0<\/p><h3><b>2. H\u00e9bergeur du site<\/b><\/h3><table><tbody><tr><td><p><b>H\u00e9bergeur<\/b><\/p><\/td><td><p><span style=\"font-weight: 400;\">GoDaddy LLC<\/span><\/p><\/td><\/tr><tr><td><p><b>Si\u00e8ge social<\/b><\/p><\/td><td><p><span style=\"font-weight: 400;\">2155 E. GoDaddy Way, Tempe, AZ 85284, \u00c9tats-Unis<\/span><\/p><\/td><\/tr><tr><td><p><b>Site web<\/b><\/p><\/td><td><p><span style=\"font-weight: 400;\">www.godaddy.com<\/span><\/p><\/td><\/tr><tr><td><p><b>Service client<\/b><\/p><\/td><td><p><span style=\"font-weight: 400;\">Disponible sur le site officiel GoDaddy<\/span><\/p><\/td><\/tr><\/tbody><\/table><p>\u00a0<\/p><h3><b>3. Propri\u00e9t\u00e9 intellectuelle<\/b><\/h3><p><span style=\"font-weight: 400;\">L&rsquo;ensemble des \u00e9l\u00e9ments constituant le site horizonconseilgroupe.com \u2014 textes, graphiques, logotypes, ic\u00f4nes, images, clips audio ou vid\u00e9o, t\u00e9l\u00e9chargements num\u00e9riques et compilations de donn\u00e9es \u2014 est la propri\u00e9t\u00e9 exclusive d&rsquo;Horizon Conseil Groupe ou de ses partenaires et est prot\u00e9g\u00e9 par les lois nationales et internationales relatives \u00e0 la propri\u00e9t\u00e9 intellectuelle et au droit d&rsquo;auteur.<\/span><\/p><p><span style=\"font-weight: 400;\">Toute reproduction, repr\u00e9sentation, modification, publication, transmission ou d\u00e9naturation, totale ou partielle, du Site ou de son contenu, par quelque proc\u00e9d\u00e9 que ce soit et sur quelque support que ce soit, est interdite sans l&rsquo;autorisation \u00e9crite pr\u00e9alable d&rsquo;Horizon Conseil Groupe.<\/span><\/p><p><span style=\"font-weight: 400;\">Le nom \u00ab Horizon Conseil Groupe \u00bb, le logo et les autres signes distinctifs utilis\u00e9s sur le Site constituent des marques commerciales appartenant \u00e0 Horizon Conseil Groupe. Toute utilisation non autoris\u00e9e de ces marques constitue une contrefa\u00e7on passible de sanctions civiles et p\u00e9nales.<\/span><\/p><h3><b>4. Liens hypertextes<\/b><\/h3><p><span style=\"font-weight: 400;\">Le Site peut contenir des liens hypertextes vers d&rsquo;autres sites internet. Ces liens sont fournis \u00e0 titre informatif uniquement. Horizon Conseil Groupe n&rsquo;exerce aucun contr\u00f4le sur ces sites et d\u00e9cline toute responsabilit\u00e9 quant \u00e0 leur contenu, leur accessibilit\u00e9 ou les pratiques en mati\u00e8re de protection des donn\u00e9es personnelles qu&rsquo;ils appliquent.<\/span><\/p><p><span style=\"font-weight: 400;\">La cr\u00e9ation de liens hypertextes vers le Site est soumise \u00e0 l&rsquo;accord pr\u00e9alable \u00e9crit d&rsquo;Horizon Conseil Groupe. Pour toute demande, contactez-nous \u00e0 contact@horizonconseilcf.com.<\/span><\/p><h3><b>5. Limitation de responsabilit\u00e9<\/b><\/h3><p><span style=\"font-weight: 400;\">Horizon Conseil Groupe s&rsquo;efforce de maintenir les informations publi\u00e9es sur le Site aussi pr\u00e9cises et \u00e0 jour que possible. Toutefois, le Groupe ne peut garantir l&rsquo;exactitude, l&rsquo;exhaustivit\u00e9 ou la pertinence des informations diffus\u00e9es, notamment en raison de l&rsquo;\u00e9volution rapide des march\u00e9s africains et des r\u00e9glementations en vigueur.<\/span><\/p><p><span style=\"font-weight: 400;\">En cons\u00e9quence, Horizon Conseil Groupe d\u00e9cline toute responsabilit\u00e9 pour toute inexactitude, impr\u00e9cision ou omission portant sur des informations disponibles sur le Site, ainsi que pour tous dommages r\u00e9sultant d&rsquo;une intrusion frauduleuse d&rsquo;un tiers ayant entra\u00een\u00e9 une modification des informations mises \u00e0 disposition sur le Site.<\/span><\/p><h3><b>6. Droit applicable et juridiction comp\u00e9tente<\/b><\/h3><p><span style=\"font-weight: 400;\">Les pr\u00e9sentes mentions l\u00e9gales sont r\u00e9gies par le droit centrafricain. En cas de litige, et \u00e0 d\u00e9faut d&rsquo;accord amiable, les tribunaux comp\u00e9tents de Bangui (R\u00e9publique Centrafricaine) seront seuls comp\u00e9tents.<\/span><\/p>\t\t\t\t\t\t\t\t<\/div>\n\t\t\t\t\t<\/div>\n\t\t\t\t<\/div>\n\t\t\t\t<\/div>\n\t\t","protected":false},"excerpt":{"rendered":"<p>Conform\u00e9ment aux dispositions l\u00e9gales en vigueur, voici les informations l\u00e9gales relatives au site web horizonconseilgroupe.com. 1. \u00c9diteur du site Raison sociale Horizon Conseil Groupe \u2014 SAU Forme juridique Soci\u00e9t\u00e9 \u00e0 Associ\u00e9 Unique (SAU) Si\u00e8ge social Centre administratif, Bangui \u2014 R\u00e9publique Centrafricaine Directrice de la publication Noutene Dogo-Nendje, Fondatrice &amp; Directrice G\u00e9n\u00e9rale Email contact@horizonconseilcf.com T\u00e9l\u00e9phone + [&hellip;]<\/p>\n","protected":false},"author":1,"featured_media":0,"parent":0,"menu_order":0,"comment_status":"closed","ping_status":"closed","template":"elementor_header_footer","meta":{"_seopress_robots_primary_cat":"","_seopress_titles_title":"","_seopress_titles_desc":"","_seopress_robots_index":"","footnotes":""},"class_list":["post-3827","page","type-page","status-publish","hentry"],"_links":{"self":[{"href":"https:\/\/horizonconseil.dkcreatech.com\/index.php\/wp-json\/wp\/v2\/pages\/3827","targetHints":{"allow":["GET"]}}],"collection":[{"href":"https:\/\/horizonconseil.dkcreatech.com\/index.php\/wp-json\/wp\/v2\/pages"}],"about":[{"href":"https:\/\/horizonconseil.dkcreatech.com\/index.php\/wp-json\/wp\/v2\/types\/page"}],"author":[{"embeddable":true,"href":"https:\/\/horizonconseil.dkcreatech.com\/index.php\/wp-json\/wp\/v2\/users\/1"}],"replies":[{"embeddable":true,"href":"https:\/\/horizonconseil.dkcreatech.com\/index.php\/wp-json\/wp\/v2\/comments?post=3827"}],"version-history":[{"count":4,"href":"https:\/\/horizonconseil.dkcreatech.com\/index.php\/wp-json\/wp\/v2\/pages\/3827\/revisions"}],"predecessor-version":[{"id":3837,"href":"https:\/\/horizonconseil.dkcreatech.com\/index.php\/wp-json\/wp\/v2\/pages\/3827\/revisions\/3837"}],"wp:attachment":[{"href":"https:\/\/horizonconseil.dkcreatech.com\/index.php\/wp-json\/wp\/v2\/media?parent=3827"}],"curies":[{"name":"wp","href":"https:\/\/api.w.org\/{rel}","templated":true}]}}