{"id":1664,"date":"2025-09-22T06:21:51","date_gmt":"2025-09-22T06:21:51","guid":{"rendered":"https:\/\/maanadu.wpengine.com\/?page_id=1664"},"modified":"2026-04-28T06:44:29","modified_gmt":"2026-04-28T04:44:29","slug":"services","status":"publish","type":"page","link":"https:\/\/horizonconseil.dkcreatech.com\/index.php\/services\/","title":{"rendered":"Services"},"content":{"rendered":"\t\t<div data-elementor-type=\"wp-page\" data-elementor-id=\"1664\" class=\"elementor elementor-1664\" data-elementor-post-type=\"page\">\n\t\t\t\t<div class=\"elementor-element elementor-element-99be285 e-flex e-con-boxed e-con e-parent\" data-id=\"99be285\" data-element_type=\"container\" data-e-type=\"container\">\n\t\t\t\t\t<div class=\"e-con-inner\">\n\t\t\t\t<div class=\"elementor-element elementor-element-c639cd1 elementor-widget__width-initial center elementor-widget elementor-widget-wdt-heading\" data-id=\"c639cd1\" data-element_type=\"widget\" data-e-type=\"widget\" data-settings=\"{&quot;split_heading&quot;:&quot;false&quot;,&quot;title_vertical_align&quot;:&quot;center&quot;,&quot;subtitle_vertical_align&quot;:&quot;center&quot;,&quot;wdt_animation_effect&quot;:&quot;none&quot;}\" data-widget_type=\"wdt-heading.default\">\n\t\t\t\t<div class=\"elementor-widget-container\">\n\t\t\t\t\t<div class=\"wdt-heading-holder \" id=\"wdt-heading-c639cd1\"><div class=\"wdt-heading-subtitle-wrapper  wdt-heading-align-center  default\"><span class=\"wdt-heading-subtitle\">Nos services<\/span><\/div><h2 class=\"wdt-heading-title-wrapper wdt-heading-align-center wdt-heading-deco-wrapper\"><span class=\"wdt-heading-title\">Nos expertises en conseil \u00e0 l'investissement en Afrique<\/span><\/h2><div class=\"wdt-heading-content-wrapper\">Horizon Conseil Groupe a d\u00e9velopp\u00e9 une approche unique du conseil \u00e0 l'investissement en Afrique subsaharienne, fond\u00e9e sur quatre piliers d'expertise compl\u00e9mentaires. Chaque intervention est calibr\u00e9e sur votre profil, vos objectifs et les sp\u00e9cificit\u00e9s du march\u00e9 vis\u00e9.<\/div><\/div>\t\t\t\t<\/div>\n\t\t\t\t<\/div>\n\t\t\t\t<div class=\"elementor-element elementor-element-8d5f9fa start elementor-widget elementor-widget-wdt-services\" data-id=\"8d5f9fa\" data-element_type=\"widget\" data-e-type=\"widget\" data-settings=\"{&quot;columns&quot;:&quot;2&quot;,&quot;columns_laptop&quot;:&quot;2&quot;,&quot;columns_tablet_extra&quot;:&quot;3&quot;,&quot;columns_tablet&quot;:2,&quot;columns_mobile_extra&quot;:1,&quot;columns_mobile&quot;:1,&quot;carousel_arrows_prev_arrow_vertical_align&quot;:&quot;flex-start&quot;,&quot;carousel_arrows_prev_arrow_vertical_top_indent&quot;:{&quot;unit&quot;:&quot;%&quot;,&quot;size&quot;:&quot;&quot;,&quot;sizes&quot;:[]},&quot;carousel_arrows_prev_arrow_vertical_top_indent_laptop&quot;:{&quot;unit&quot;:&quot;px&quot;,&quot;size&quot;:&quot;&quot;,&quot;sizes&quot;:[]},&quot;carousel_arrows_prev_arrow_vertical_top_indent_tablet_extra&quot;:{&quot;unit&quot;:&quot;px&quot;,&quot;size&quot;:&quot;&quot;,&quot;sizes&quot;:[]},&quot;carousel_arrows_prev_arrow_vertical_top_indent_tablet&quot;:{&quot;unit&quot;:&quot;%&quot;,&quot;size&quot;:&quot;&quot;,&quot;sizes&quot;:[]},&quot;carousel_arrows_prev_arrow_vertical_top_indent_mobile_extra&quot;:{&quot;unit&quot;:&quot;px&quot;,&quot;size&quot;:&quot;&quot;,&quot;sizes&quot;:[]},&quot;carousel_arrows_prev_arrow_vertical_top_indent_mobile&quot;:{&quot;unit&quot;:&quot;%&quot;,&quot;size&quot;:&quot;&quot;,&quot;sizes&quot;:[]},&quot;carousel_arrows_prev_arrow_horizontal_left_indent&quot;:{&quot;unit&quot;:&quot;%&quot;,&quot;size&quot;:&quot;&quot;,&quot;sizes&quot;:[]},&quot;carousel_arrows_prev_arrow_horizontal_left_indent_laptop&quot;:{&quot;unit&quot;:&quot;px&quot;,&quot;size&quot;:&quot;&quot;,&quot;sizes&quot;:[]},&quot;carousel_arrows_prev_arrow_horizontal_left_indent_tablet_extra&quot;:{&quot;unit&quot;:&quot;px&quot;,&quot;size&quot;:&quot;&quot;,&quot;sizes&quot;:[]},&quot;carousel_arrows_prev_arrow_horizontal_left_indent_tablet&quot;:{&quot;unit&quot;:&quot;%&quot;,&quot;size&quot;:&quot;&quot;,&quot;sizes&quot;:[]},&quot;carousel_arrows_prev_arrow_horizontal_left_indent_mobile_extra&quot;:{&quot;unit&quot;:&quot;px&quot;,&quot;size&quot;:&quot;&quot;,&quot;sizes&quot;:[]},&quot;carousel_arrows_prev_arrow_horizontal_left_indent_mobile&quot;:{&quot;unit&quot;:&quot;%&quot;,&quot;size&quot;:&quot;&quot;,&quot;sizes&quot;:[]},&quot;carousel_arrows_next_arrow_vertical_align&quot;:&quot;flex-start&quot;,&quot;carousel_arrows_next_arrow_vertical_top_indent&quot;:{&quot;unit&quot;:&quot;%&quot;,&quot;size&quot;:&quot;&quot;,&quot;sizes&quot;:[]},&quot;carousel_arrows_next_arrow_vertical_top_indent_laptop&quot;:{&quot;unit&quot;:&quot;px&quot;,&quot;size&quot;:&quot;&quot;,&quot;sizes&quot;:[]},&quot;carousel_arrows_next_arrow_vertical_top_indent_tablet_extra&quot;:{&quot;unit&quot;:&quot;px&quot;,&quot;size&quot;:&quot;&quot;,&quot;sizes&quot;:[]},&quot;carousel_arrows_next_arrow_vertical_top_indent_tablet&quot;:{&quot;unit&quot;:&quot;%&quot;,&quot;size&quot;:&quot;&quot;,&quot;sizes&quot;:[]},&quot;carousel_arrows_next_arrow_vertical_top_indent_mobile_extra&quot;:{&quot;unit&quot;:&quot;px&quot;,&quot;size&quot;:&quot;&quot;,&quot;sizes&quot;:[]},&quot;carousel_arrows_next_arrow_vertical_top_indent_mobile&quot;:{&quot;unit&quot;:&quot;%&quot;,&quot;size&quot;:&quot;&quot;,&quot;sizes&quot;:[]},&quot;carousel_arrows_next_arrow_horizontal_left_indent&quot;:{&quot;unit&quot;:&quot;%&quot;,&quot;size&quot;:&quot;&quot;,&quot;sizes&quot;:[]},&quot;carousel_arrows_next_arrow_horizontal_left_indent_laptop&quot;:{&quot;unit&quot;:&quot;px&quot;,&quot;size&quot;:&quot;&quot;,&quot;sizes&quot;:[]},&quot;carousel_arrows_next_arrow_horizontal_left_indent_tablet_extra&quot;:{&quot;unit&quot;:&quot;px&quot;,&quot;size&quot;:&quot;&quot;,&quot;sizes&quot;:[]},&quot;carousel_arrows_next_arrow_horizontal_left_indent_tablet&quot;:{&quot;unit&quot;:&quot;%&quot;,&quot;size&quot;:&quot;&quot;,&quot;sizes&quot;:[]},&quot;carousel_arrows_next_arrow_horizontal_left_indent_mobile_extra&quot;:{&quot;unit&quot;:&quot;px&quot;,&quot;size&quot;:&quot;&quot;,&quot;sizes&quot;:[]},&quot;carousel_arrows_next_arrow_horizontal_left_indent_mobile&quot;:{&quot;unit&quot;:&quot;%&quot;,&quot;size&quot;:&quot;&quot;,&quot;sizes&quot;:[]},&quot;wdt_animation_effect&quot;:&quot;none&quot;}\" data-widget_type=\"wdt-services.default\">\n\t\t\t\t<div class=\"elementor-widget-container\">\n\t\t\t\t\t<div class=\"wdt-services-holder wdt-content-item-holder wdt-column-holder \" id=\"wdt-services-8d5f9fa\" data-settings=\"{&quot;show_active_class&quot;:&quot;&quot;}\"><div class=\"wdt-column-wrapper wdt-column-gap-custom \" data-column-settings=\"\" data-module-id=\"wdt-module-id-8d5f9fa\" id=\"wdt-module-id-8d5f9fa\"><div class=\"wdt-column\"><div class=\"wdt-services-item wdt-type-2\"><div class=\"wdt-services-media-group\"><div class=\"wdt-services-image\"><a href=\"https:\/\/horizonconseil.dkcreatech.com\/index.php\/wdt_services\/diagnostic-et-recommandations\/\"><img decoding=\"async\" src=\"https:\/\/dummyimage.com\/1200x800\/cccccc\/999999.jpg?text=Diagnostic et recommandations\" alt=\"Diagnostic et recommandations\" \/><\/a><\/div><\/div><div class=\"wdt-services-content-group\"><div class=\"wdt-services-title\"><h5><a href=\"https:\/\/horizonconseil.dkcreatech.com\/index.php\/wdt_services\/diagnostic-et-recommandations\/\">Diagnostic et recommandations<\/a><\/h5><\/div><div class=\"wdt-services-description\">Ce service permet de v\u00e9rifier que le projet envisag\u00e9 est viable, rentable et adapt\u00e9 au contexte sp\u00e9cifique du march\u00e9 africain vis\u00e9.<\/div><\/div><\/div><\/div><div class=\"wdt-column\"><div class=\"wdt-services-item wdt-type-2\"><div class=\"wdt-services-media-group\"><div class=\"wdt-services-image\"><a href=\"https:\/\/horizonconseil.dkcreatech.com\/index.php\/wdt_services\/analyse-technique-et-financiere\/\"><img decoding=\"async\" src=\"https:\/\/dummyimage.com\/1200x800\/cccccc\/999999.jpg?text=Analyse technique et financi\u00e8re\" alt=\"Analyse technique et financi\u00e8re\" \/><\/a><\/div><\/div><div class=\"wdt-services-content-group\"><div class=\"wdt-services-title\"><h5><a href=\"https:\/\/horizonconseil.dkcreatech.com\/index.php\/wdt_services\/analyse-technique-et-financiere\/\">Analyse technique et financi\u00e8re<\/a><\/h5><\/div><div class=\"wdt-services-description\">Ce service permet de v\u00e9rifier que le projet envisag\u00e9 est viable, rentable et adapt\u00e9 au contexte sp\u00e9cifique du march\u00e9 africain vis\u00e9.<\/div><\/div><\/div><\/div><div class=\"wdt-column\"><div class=\"wdt-services-item wdt-type-2\"><div class=\"wdt-services-media-group\"><div class=\"wdt-services-image\"><a href=\"https:\/\/horizonconseil.dkcreatech.com\/index.php\/wdt_services\/analyse-sectorielle\/\"><img decoding=\"async\" src=\"https:\/\/dummyimage.com\/1200x800\/cccccc\/999999.jpg?text=Analyse sectorielle\" alt=\"Analyse sectorielle\" \/><\/a><\/div><\/div><div class=\"wdt-services-content-group\"><div class=\"wdt-services-title\"><h5><a href=\"https:\/\/horizonconseil.dkcreatech.com\/index.php\/wdt_services\/analyse-sectorielle\/\">Analyse sectorielle<\/a><\/h5><\/div><div class=\"wdt-services-description\">Horizon Conseil Groupe r\u00e9alise pour vous des analyses sectorielles rigoureuses, document\u00e9es et adapt\u00e9es aux sp\u00e9cificit\u00e9s de chaque march\u00e9<\/div><\/div><\/div><\/div><div class=\"wdt-column\"><div class=\"wdt-services-item wdt-type-2\"><div class=\"wdt-services-media-group\"><div class=\"wdt-services-image\"><a href=\"https:\/\/horizonconseil.dkcreatech.com\/index.php\/wdt_services\/asset-management\/\"><img decoding=\"async\" src=\"https:\/\/dummyimage.com\/1200x800\/cccccc\/999999.jpg?text=Accompagnement global\" alt=\"Accompagnement global\" \/><\/a><\/div><\/div><div class=\"wdt-services-content-group\"><div class=\"wdt-services-title\"><h5><a href=\"https:\/\/horizonconseil.dkcreatech.com\/index.php\/wdt_services\/asset-management\/\">Accompagnement global<\/a><\/h5><\/div><div class=\"wdt-services-description\">Horizon Conseil Groupe vous propose un accompagnement global et personnalis\u00e9, couvrant l&#039;int\u00e9gralit\u00e9 du cycle d&#039;investissement, de la phase d&#039;exploration initiale jusqu&#039;\u00e0 la consolidation de votre position sur le march\u00e9.<\/div><\/div><\/div><\/div><\/div><\/div>\t\t\t\t<\/div>\n\t\t\t\t<\/div>\n\t\t\t\t\t<\/div>\n\t\t\t\t<\/div>\n\t\t\t\t<\/div>\n\t\t","protected":false},"excerpt":{"rendered":"<p>Nos services Nos expertises en conseil \u00e0 l&rsquo;investissement en Afrique Horizon Conseil Groupe a d\u00e9velopp\u00e9 une approche unique du conseil \u00e0 l&rsquo;investissement en Afrique subsaharienne, fond\u00e9e sur quatre piliers d&rsquo;expertise compl\u00e9mentaires. Chaque intervention est calibr\u00e9e sur votre profil, vos objectifs et les sp\u00e9cificit\u00e9s du march\u00e9 vis\u00e9. Diagnostic et recommandations Ce service permet de v\u00e9rifier que [&hellip;]<\/p>\n","protected":false},"author":1,"featured_media":0,"parent":0,"menu_order":0,"comment_status":"closed","ping_status":"closed","template":"elementor_header_footer","meta":{"_seopress_robots_primary_cat":"","_seopress_titles_title":"Services Conseil Investissement Afrique | Horizon Conseil","_seopress_titles_desc":"Analyse sectorielle, accompagnement global, analyse financi\u00e8re et diagnostic : Horizon Conseil offre 4 expertises pour investir en Afrique en toute s\u00e9curit\u00e9.","_seopress_robots_index":"","footnotes":""},"class_list":["post-1664","page","type-page","status-publish","hentry"],"_links":{"self":[{"href":"https:\/\/horizonconseil.dkcreatech.com\/index.php\/wp-json\/wp\/v2\/pages\/1664","targetHints":{"allow":["GET"]}}],"collection":[{"href":"https:\/\/horizonconseil.dkcreatech.com\/index.php\/wp-json\/wp\/v2\/pages"}],"about":[{"href":"https:\/\/horizonconseil.dkcreatech.com\/index.php\/wp-json\/wp\/v2\/types\/page"}],"author":[{"embeddable":true,"href":"https:\/\/horizonconseil.dkcreatech.com\/index.php\/wp-json\/wp\/v2\/users\/1"}],"replies":[{"embeddable":true,"href":"https:\/\/horizonconseil.dkcreatech.com\/index.php\/wp-json\/wp\/v2\/comments?post=1664"}],"version-history":[{"count":16,"href":"https:\/\/horizonconseil.dkcreatech.com\/index.php\/wp-json\/wp\/v2\/pages\/1664\/revisions"}],"predecessor-version":[{"id":4024,"href":"https:\/\/horizonconseil.dkcreatech.com\/index.php\/wp-json\/wp\/v2\/pages\/1664\/revisions\/4024"}],"wp:attachment":[{"href":"https:\/\/horizonconseil.dkcreatech.com\/index.php\/wp-json\/wp\/v2\/media?parent=1664"}],"curies":[{"name":"wp","href":"https:\/\/api.w.org\/{rel}","templated":true}]}}